{"id":510,"date":"2018-11-19T19:50:27","date_gmt":"2018-11-19T19:50:27","guid":{"rendered":"http:\/\/quellen.geschichte.uni-leipzig.de\/?page_id=510"},"modified":"2018-11-23T11:33:33","modified_gmt":"2018-11-23T11:33:33","slug":"eisfeld-gruppe","status":"publish","type":"page","link":"https:\/\/quellen.geschichte.uni-leipzig.de\/?page_id=510","title":{"rendered":"Eisfeld-Gruppe"},"content":{"rendered":"<p>Ein Widerstandskreis, \u00fcber den wir erst in letzter Zeit n\u00e4here Informationen erhielten, hat sich um die Studenten der Veterin\u00e4r-Medizin <strong><a href=\"https:\/\/quellen.geschichte.uni-leipzig.de\/?p=553\">Gerhard Rybka<\/a><\/strong> und<strong> <a href=\"https:\/\/quellen.geschichte.uni-leipzig.de\/?p=515\">Horst Maurer<\/a><\/strong> gebildet.\u00a0 Die Gruppe, die sich regelm\u00e4\u00dfig in Rybkas Wohnung versammelte, setzte sich zusammen aus den Studenten <strong>Gerhard Rybka, Horst Maurer, Gerhard D\u00f6meland, Dietrich Niepold<\/strong> und <a href=\"https:\/\/quellen.geschichte.uni-leipzig.de\/?p=584\"><strong>Wichard Wabner<\/strong><\/a>.<\/p>\n<p>Nach dem Proze\u00df werden die beiden getrennt, <strong>Horst Maurer<\/strong> und auch die anderen haben <strong>Gerhard Rybka<\/strong> nie wiedergesehen. Er wurde am 1. November 1951 bei Moskau hingerichtet.<\/p>\n<p>Horst Maurer verbringt die n\u00e4chsten Jahre in verschiedenen Zwangsarbeitslagern auf dem Gebiet der UdSSR. Nur mit viel Gl\u00fcck \u00fcbersteht er die Zeit bis zu seiner Entlassung im Jahre 1955. K\u00f6rperlich von den Strapazen schwer gezeichnet, stirbt er an den Sp\u00e4tfolgen seiner Haft im Jahre 1988.<\/p>\n<p>&nbsp;<\/p>\n","protected":false},"excerpt":{"rendered":"<p>Ein Widerstandskreis, \u00fcber den wir erst in letzter Zeit n\u00e4here Informationen erhielten, hat sich um die Studenten der Veterin\u00e4r-Medizin Gerhard Rybka und Horst Maurer gebildet.\u00a0 Die Gruppe, die sich regelm\u00e4\u00dfig in Rybkas Wohnung versammelte, setzte sich zusammen aus den Studenten Gerhard Rybka, Horst Maurer, Gerhard D\u00f6meland, Dietrich Niepold und Wichard Wabner. Nach dem Proze\u00df werdenContinue reading &rarr;<\/p>\n","protected":false},"author":3,"featured_media":0,"parent":0,"menu_order":0,"comment_status":"closed","ping_status":"closed","template":"","meta":{"footnotes":""},"_links":{"self":[{"href":"https:\/\/quellen.geschichte.uni-leipzig.de\/index.php?rest_route=\/wp\/v2\/pages\/510"}],"collection":[{"href":"https:\/\/quellen.geschichte.uni-leipzig.de\/index.php?rest_route=\/wp\/v2\/pages"}],"about":[{"href":"https:\/\/quellen.geschichte.uni-leipzig.de\/index.php?rest_route=\/wp\/v2\/types\/page"}],"author":[{"embeddable":true,"href":"https:\/\/quellen.geschichte.uni-leipzig.de\/index.php?rest_route=\/wp\/v2\/users\/3"}],"replies":[{"embeddable":true,"href":"https:\/\/quellen.geschichte.uni-leipzig.de\/index.php?rest_route=%2Fwp%2Fv2%2Fcomments&post=510"}],"version-history":[{"count":9,"href":"https:\/\/quellen.geschichte.uni-leipzig.de\/index.php?rest_route=\/wp\/v2\/pages\/510\/revisions"}],"predecessor-version":[{"id":615,"href":"https:\/\/quellen.geschichte.uni-leipzig.de\/index.php?rest_route=\/wp\/v2\/pages\/510\/revisions\/615"}],"wp:attachment":[{"href":"https:\/\/quellen.geschichte.uni-leipzig.de\/index.php?rest_route=%2Fwp%2Fv2%2Fmedia&parent=510"}],"curies":[{"name":"wp","href":"https:\/\/api.w.org\/{rel}","templated":true}]}}