{"id":471,"date":"2018-11-19T19:03:05","date_gmt":"2018-11-19T19:03:05","guid":{"rendered":"http:\/\/quellen.geschichte.uni-leipzig.de\/?page_id=471"},"modified":"2018-11-22T17:58:34","modified_gmt":"2018-11-22T17:58:34","slug":"erinnerungsberichte","status":"publish","type":"page","link":"https:\/\/quellen.geschichte.uni-leipzig.de\/?page_id=471","title":{"rendered":"Erinnerungsberichte"},"content":{"rendered":"<p><a href=\"https:\/\/quellen.geschichte.uni-leipzig.de\/?p=466\">Dr. med.dent. Peter Eberle<\/a>, Linthal\/Schweiz. (Universit\u00e4t Leipzig)<br \/>\n<a href=\"https:\/\/quellen.geschichte.uni-leipzig.de\/?p=507\">Prof. Dr. Hans G\u00fcnter Aurich<\/a>, Marburg. (Universit\u00e4t Leipzig)<br \/>\n<a href=\"https:\/\/quellen.geschichte.uni-leipzig.de\/?p=548\">Ulrich Kilger<\/a>, Bonn. (Universit\u00e4t Leipzig)<br \/>\n<a href=\"https:\/\/quellen.geschichte.uni-leipzig.de\/?p=515\">Horst Maurer<\/a>, verstorben. (Universit\u00e4t Leipzig)<br \/>\nDr. Dietrich Hartwig, (TU Dresden)<br \/>\nMartin Hoffmann, Karlsruhe (FH Mittweida)<br \/>\n<a href=\"https:\/\/quellen.geschichte.uni-leipzig.de\/?p=517\">Annerose Matz-Donath<\/a>, Erftstadt. (Universit\u00e4t Leipzig)<br \/>\n<a href=\"https:\/\/quellen.geschichte.uni-leipzig.de\/?p=572\">Horst Kr\u00fcger<\/a>, Riesa (Universit\u00e4t Leipzig)<br \/>\n<a href=\"https:\/\/quellen.geschichte.uni-leipzig.de\/?p=461\">Prof. Dr. Werner Gumpel,<\/a> M\u00fcnchen. (Universit\u00e4t Leipzig)<br \/>\nDr. med. Horst Hennig, K\u00f6ln. (Universit\u00e4t Halle)<br \/>\nHermann Marx, Bonn. (Universit\u00e4t Jena)<\/p>\n","protected":false},"excerpt":{"rendered":"<p>Dr. med.dent. Peter Eberle, Linthal\/Schweiz. (Universit\u00e4t Leipzig) Prof. Dr. Hans G\u00fcnter Aurich, Marburg. (Universit\u00e4t Leipzig) Ulrich Kilger, Bonn. (Universit\u00e4t Leipzig) Horst Maurer, verstorben. (Universit\u00e4t Leipzig) Dr. Dietrich Hartwig, (TU Dresden) Martin Hoffmann, Karlsruhe (FH Mittweida) Annerose Matz-Donath, Erftstadt. (Universit\u00e4t Leipzig) Horst Kr\u00fcger, Riesa (Universit\u00e4t Leipzig) Prof. Dr. Werner Gumpel, M\u00fcnchen. (Universit\u00e4t Leipzig) Dr. med. HorstContinue reading &rarr;<\/p>\n","protected":false},"author":3,"featured_media":0,"parent":0,"menu_order":0,"comment_status":"closed","ping_status":"closed","template":"grid.php","meta":{"footnotes":""},"_links":{"self":[{"href":"https:\/\/quellen.geschichte.uni-leipzig.de\/index.php?rest_route=\/wp\/v2\/pages\/471"}],"collection":[{"href":"https:\/\/quellen.geschichte.uni-leipzig.de\/index.php?rest_route=\/wp\/v2\/pages"}],"about":[{"href":"https:\/\/quellen.geschichte.uni-leipzig.de\/index.php?rest_route=\/wp\/v2\/types\/page"}],"author":[{"embeddable":true,"href":"https:\/\/quellen.geschichte.uni-leipzig.de\/index.php?rest_route=\/wp\/v2\/users\/3"}],"replies":[{"embeddable":true,"href":"https:\/\/quellen.geschichte.uni-leipzig.de\/index.php?rest_route=%2Fwp%2Fv2%2Fcomments&post=471"}],"version-history":[{"count":4,"href":"https:\/\/quellen.geschichte.uni-leipzig.de\/index.php?rest_route=\/wp\/v2\/pages\/471\/revisions"}],"predecessor-version":[{"id":607,"href":"https:\/\/quellen.geschichte.uni-leipzig.de\/index.php?rest_route=\/wp\/v2\/pages\/471\/revisions\/607"}],"wp:attachment":[{"href":"https:\/\/quellen.geschichte.uni-leipzig.de\/index.php?rest_route=%2Fwp%2Fv2%2Fmedia&parent=471"}],"curies":[{"name":"wp","href":"https:\/\/api.w.org\/{rel}","templated":true}]}}