{"id":46,"date":"2018-09-03T10:49:00","date_gmt":"2018-09-03T10:49:00","guid":{"rendered":"http:\/\/quellen.geschichte.uni-leipzig.de\/?page_id=46"},"modified":"2018-11-22T12:29:09","modified_gmt":"2018-11-22T12:29:09","slug":"meuselwitzer-abiturentengruppe","status":"publish","type":"page","link":"https:\/\/quellen.geschichte.uni-leipzig.de\/?page_id=46","title":{"rendered":"Meuselwitzer Abiturentengruppe"},"content":{"rendered":"<p>&nbsp;<\/p>\n<p>Eine weitere Gruppe von Jugendlichen, eine Meuselwitzer Abiturientengruppe, um den Medizinstudenten <a href=\"http:\/\/ehrenbuch.geschichte.uni-leipzig.de\/view.php?s=20\">Heinz Eisfeld<\/a> geriet in die F\u00e4nge der stalinistischen Verfolgung.\u00a0 Nach den bisherigen Beispielen sollte man meinen, da\u00df das Unrecht kaum noch zu steigern w\u00e4re &#8211; doch die Realit\u00e4t zeigt uns anderes.\u00a0 Ein L\u00fcgengespinst diente als Grundlage f\u00fcr die Verurteilung der sieben Jugendlichen. Willk\u00fcrliche Anschuldigungen wurden zu Beweisen und Unterstellungen zu Tatsachen. M\u00f6glichkeiten der Verteidigung gab es nicht.<\/p>\n<p>&nbsp;<\/p>\n","protected":false},"excerpt":{"rendered":"<p>&nbsp; Eine weitere Gruppe von Jugendlichen, eine Meuselwitzer Abiturientengruppe, um den Medizinstudenten Heinz Eisfeld geriet in die F\u00e4nge der stalinistischen Verfolgung.\u00a0 Nach den bisherigen Beispielen sollte man meinen, da\u00df das Unrecht kaum noch zu steigern w\u00e4re &#8211; doch die Realit\u00e4t zeigt uns anderes.\u00a0 Ein L\u00fcgengespinst diente als Grundlage f\u00fcr die Verurteilung der sieben Jugendlichen. Willk\u00fcrlicheContinue reading &rarr;<\/p>\n","protected":false},"author":3,"featured_media":0,"parent":0,"menu_order":0,"comment_status":"closed","ping_status":"closed","template":"","meta":{"footnotes":""},"_links":{"self":[{"href":"https:\/\/quellen.geschichte.uni-leipzig.de\/index.php?rest_route=\/wp\/v2\/pages\/46"}],"collection":[{"href":"https:\/\/quellen.geschichte.uni-leipzig.de\/index.php?rest_route=\/wp\/v2\/pages"}],"about":[{"href":"https:\/\/quellen.geschichte.uni-leipzig.de\/index.php?rest_route=\/wp\/v2\/types\/page"}],"author":[{"embeddable":true,"href":"https:\/\/quellen.geschichte.uni-leipzig.de\/index.php?rest_route=\/wp\/v2\/users\/3"}],"replies":[{"embeddable":true,"href":"https:\/\/quellen.geschichte.uni-leipzig.de\/index.php?rest_route=%2Fwp%2Fv2%2Fcomments&post=46"}],"version-history":[{"count":3,"href":"https:\/\/quellen.geschichte.uni-leipzig.de\/index.php?rest_route=\/wp\/v2\/pages\/46\/revisions"}],"predecessor-version":[{"id":403,"href":"https:\/\/quellen.geschichte.uni-leipzig.de\/index.php?rest_route=\/wp\/v2\/pages\/46\/revisions\/403"}],"wp:attachment":[{"href":"https:\/\/quellen.geschichte.uni-leipzig.de\/index.php?rest_route=%2Fwp%2Fv2%2Fmedia&parent=46"}],"curies":[{"name":"wp","href":"https:\/\/api.w.org\/{rel}","templated":true}]}}