{"id":38,"date":"2018-09-03T10:47:59","date_gmt":"2018-09-03T10:47:59","guid":{"rendered":"http:\/\/quellen.geschichte.uni-leipzig.de\/?page_id=38"},"modified":"2019-02-06T17:31:13","modified_gmt":"2019-02-06T17:31:13","slug":"einleitung","status":"publish","type":"page","link":"https:\/\/quellen.geschichte.uni-leipzig.de\/","title":{"rendered":"Studentischer Widerstand"},"content":{"rendered":"<h1 style=\"text-align: center;\">Studentischer Widerstand an der Universit\u00e4t Leipzig 1945 &#8211; 1955<\/h1>\n<p>Die Welt zwischen 1945 und 1955 spiegelt die Zeit zwischen dem vereinten Niederringen einer v\u00f6lkermordenten Ideologie und dem Auseinanderbrechen der Siegerm\u00e4chte in zwei konkurrierende Bl\u00f6cke. Der Aufbau eines neuen deutschen Staates wurde zum Konfrontationspunkt alliierter Politik. Immer weiter auseinander triftend, beschr\u00e4nkten sich die Sieger auf die Sicherung ihres Einflu\u00dfgebietes &#8211; eine Neuordnung der Verh\u00e4ltnisse war weder territorial noch politisch vorgesehen. So wurde die Ostzone Deutschlands zu einem sowjetischen Satellitenstaat. Der Import stalinistischer Strukturen, die Fortsetzung der Diktatur auf deutschen Boden, beschleunigte sich mit der systematischen Ausschaltung der demokratischen Kr\u00e4fte. Nahziel war die Brechung der b\u00fcrgerlichen Mehrheiten. Sowohl ihre Parteien als auch ihre Vertreter, wenn sie unbequem wurden oder sich als \u201eunbelehrbar\u201c erwiesen, sollten gebrochen werden. Das Strafma\u00df der Verhaftungswellen \u201evariierte\u201c zwischen Tod durch Erschie\u00dfen, Zuchthaus und Zwangsarbeit in russischen Lagern. Parallel dazu erfolgten massive Einsch\u00fcchterungsversuche bis hin zu Studienverboten.<\/p>\n<h3 style=\"text-align: center;\"><a href=\"https:\/\/quellen.geschichte.uni-leipzig.de\/?page_id=117\"> <i class=\"fa fa-chevron-right\" aria-hidden=\"true\"><\/i> Jugend zwischen Aufbruch und Ern\u00fcchterung<\/a><\/h3>\n","protected":false},"excerpt":{"rendered":"<p>Studentischer Widerstand an der Universit\u00e4t Leipzig 1945 &#8211; 1955<br \/>\n                     | Helmut Tisch (rechts) mit Ernst Friedrich Wirth (links) und Hans-G\u00fcnther Aurich (Mitte) im Lager Suchobeswodnoje, UdSSR  1953<\/p>\n","protected":false},"author":3,"featured_media":147,"parent":0,"menu_order":0,"comment_status":"closed","ping_status":"closed","template":"","meta":{"footnotes":""},"_links":{"self":[{"href":"https:\/\/quellen.geschichte.uni-leipzig.de\/index.php?rest_route=\/wp\/v2\/pages\/38"}],"collection":[{"href":"https:\/\/quellen.geschichte.uni-leipzig.de\/index.php?rest_route=\/wp\/v2\/pages"}],"about":[{"href":"https:\/\/quellen.geschichte.uni-leipzig.de\/index.php?rest_route=\/wp\/v2\/types\/page"}],"author":[{"embeddable":true,"href":"https:\/\/quellen.geschichte.uni-leipzig.de\/index.php?rest_route=\/wp\/v2\/users\/3"}],"replies":[{"embeddable":true,"href":"https:\/\/quellen.geschichte.uni-leipzig.de\/index.php?rest_route=%2Fwp%2Fv2%2Fcomments&post=38"}],"version-history":[{"count":19,"href":"https:\/\/quellen.geschichte.uni-leipzig.de\/index.php?rest_route=\/wp\/v2\/pages\/38\/revisions"}],"predecessor-version":[{"id":761,"href":"https:\/\/quellen.geschichte.uni-leipzig.de\/index.php?rest_route=\/wp\/v2\/pages\/38\/revisions\/761"}],"wp:featuredmedia":[{"embeddable":true,"href":"https:\/\/quellen.geschichte.uni-leipzig.de\/index.php?rest_route=\/wp\/v2\/media\/147"}],"wp:attachment":[{"href":"https:\/\/quellen.geschichte.uni-leipzig.de\/index.php?rest_route=%2Fwp%2Fv2%2Fmedia&parent=38"}],"curies":[{"name":"wp","href":"https:\/\/api.w.org\/{rel}","templated":true}]}}