{"id":209,"date":"2018-09-06T08:57:13","date_gmt":"2018-09-06T08:57:13","guid":{"rendered":"http:\/\/quellen.geschichte.uni-leipzig.de\/?page_id=209"},"modified":"2018-10-04T16:04:52","modified_gmt":"2018-10-04T16:04:52","slug":"literatur","status":"publish","type":"page","link":"https:\/\/quellen.geschichte.uni-leipzig.de\/?page_id=209","title":{"rendered":"Literatur"},"content":{"rendered":"<p>&nbsp;<\/p>\n<p>Straube, Peter-Paul<br \/>\nKatholische Studentengemeinde in der DDR als Ort eines au\u00dferuniversit\u00e4ren Studium generale.<br \/>\nIn: Erfurter Theologische Studien, Bd.70. Leipzig 1996.<\/p>\n<p>&nbsp;<\/p>\n<p>M\u00fcller, Marianne &amp; Egon Erwin<br \/>\n\u201e&#8230; st\u00fcrmt die Festung Wissenschaft\u201c. Die Sowjetisierung der mitteldeutschen Universit\u00e4ten seit 1945.<br \/>\nBerlin (Repr.) 1994.<\/p>\n<p>&nbsp;<\/p>\n<p>Gumpel, Werner<br \/>\nSozialistische Wirtschaftssysteme. Bd.1: Die sozialistischen Staaten. M\u00fcnchen 1983.<\/p>\n<p>&nbsp;<\/p>\n<p>Schlomann, Friedrich-Wilhelm<br \/>\nMit soviel Hoffnung fingen wir an. 1945-1950.<br \/>\nM\u00fcnchen 1991.<\/p>\n<p>&nbsp;<\/p>\n<p>Scharf, Hans-Dieter<br \/>\nInterdisziplin\u00e4re Forschung \u2013 Eine Zukunftsaufgabe.<br \/>\nIn: Sitzungsberichte der S\u00e4chs.AdW zu Leipzig, math.-nat.Klasse, Bd.125, Heft 5. Berlin 1995.<\/p>\n<p>&nbsp;<\/p>\n<p>Gumpel, Werner<br \/>\nDer Donauverkehr: M\u00f6glichkeiten einer grenz\u00fcberschreitenden Zusammenarbeit. In: S\u00fcdosteuropa aktuell, Bd.21. M\u00fcnchen 1996.<\/p>\n<p>&nbsp;<\/p>\n<p>Gumpel, Werner (Hg.)<br \/>\nTurkey and the European Community. An Assessment. In: Wirtschaft und Gesellschaft in S\u00fcdosteuropa, Bd.8. M\u00fcnchen 1992.<\/p>\n<p>&nbsp;<\/p>\n<p>Gumpel, Werner u.a.<br \/>\nEconomic Integration Strategies in East Asia and Europa. In: East and West Studies Series 36.<br \/>\nYonsei (Korea) 1995.<\/p>\n<p>&nbsp;<\/p>\n<p>Ammer, Thomas<br \/>\nUniversit\u00e4t zwischen Demokratie und Diktatur.<br \/>\nEin Beitrag zur Nachkriegsgeschichte der Universit\u00e4t Rostock. K\u00f6ln 1969, (Repr.) 1994.<\/p>\n<p>&nbsp;<\/p>\n<p>Jenkner, Siegfried<br \/>\nDie Schule in der freiheitlich demokratischen Grundordnung der Bundesrepublik. Hannover 1980.<\/p>\n<p>&nbsp;<\/p>\n<p>&nbsp;<\/p>\n<p>Siegel, Achim<br \/>\nDie Dynamik des Terrors im Stalinismus.<br \/>\nFreiburg 1992 (Univ.Diss.)<\/p>\n<p>&nbsp;<\/p>\n<p>Schmutzler, Georg-Siegfried<br \/>\nGegen den Strom. Erlebtes aus Leipzig unter Hitler und der Stasi. G\u00f6ttingen 1992.<\/p>\n<p>&nbsp;<\/p>\n<p>Scharf, Hans-Dieter u.a.<br \/>\nCarbohydrate Reserch. Stereoselective synthesis of L-vancosamine methyl \u2026 . Aachen 1994, 1995.<\/p>\n<p>&nbsp;<\/p>\n<p>Creuzberger, Stefan<br \/>\nDie sowjetische Besatzungszone und das politische System der SBZ. Weimar, K\u00f6ln, Wien 1996.<\/p>\n<p>&nbsp;<\/p>\n<p>u.a. Gumpel, Werner<br \/>\nPolitische Studien. Zweimonatsschrift f\u00fcr Politik und Zeitgeschehen. Jg.39, Heft 298 (M\u00e4rz\/April).<br \/>\nM\u00fcnchen 1988<\/p>\n<p>&nbsp;<\/p>\n<p>Osterloh, J\u00f6rg<br \/>\nSowjetische Kriegsgefangene 1941-1045 im Spiegel nationaler und internationaler Untersuchen. Forschungs\u00fcberblick und Bibliographie. In: Berichte und Studien des HAIT, Nr.3. Dresden 1995.<\/p>\n<p>&nbsp;<\/p>\n<p>M\u00fcller, Klaus-Dieter, Osterloh, J\u00f6rg<br \/>\nDie andere DDR. In: Berichte und Studien des HAIT, Nr.4. Dresden 1996.<\/p>\n<p>&nbsp;<\/p>\n<p>Zeidler, Manfred<br \/>\nStalinjustiz contra NS-Verbrechen. In: Berichte und Studien des HAIT, Nr.9. Dresden 1996.<\/p>\n<p>&nbsp;<\/p>\n<p>Haritonow, Alexandr<br \/>\nSowjetische Hochschulpolitik in Sachsen 1945-1949. Weimar, K\u00f6ln, Wien 1995.<\/p>\n<p>&nbsp;<\/p>\n<p>u.a. Scharf, Hans-Dieter<br \/>\nAngewandte Chemie. Jg.103, Heft 5. Weinheim\/Bgstr.1991. Darin: Das Isoinverionsprinzip.<\/p>\n","protected":false},"excerpt":{"rendered":"<p>&nbsp; Straube, Peter-Paul Katholische Studentengemeinde in der DDR als Ort eines au\u00dferuniversit\u00e4ren Studium generale. In: Erfurter Theologische Studien, Bd.70. Leipzig 1996. &nbsp; M\u00fcller, Marianne &amp; Egon Erwin \u201e&#8230; st\u00fcrmt die Festung Wissenschaft\u201c. Die Sowjetisierung der mitteldeutschen Universit\u00e4ten seit 1945. Berlin (Repr.) 1994. &nbsp; Gumpel, Werner Sozialistische Wirtschaftssysteme. Bd.1: Die sozialistischen Staaten. M\u00fcnchen 1983. &nbsp; Schlomann,Continue reading &rarr;<\/p>\n","protected":false},"author":3,"featured_media":0,"parent":0,"menu_order":0,"comment_status":"closed","ping_status":"closed","template":"","meta":{"footnotes":""},"_links":{"self":[{"href":"https:\/\/quellen.geschichte.uni-leipzig.de\/index.php?rest_route=\/wp\/v2\/pages\/209"}],"collection":[{"href":"https:\/\/quellen.geschichte.uni-leipzig.de\/index.php?rest_route=\/wp\/v2\/pages"}],"about":[{"href":"https:\/\/quellen.geschichte.uni-leipzig.de\/index.php?rest_route=\/wp\/v2\/types\/page"}],"author":[{"embeddable":true,"href":"https:\/\/quellen.geschichte.uni-leipzig.de\/index.php?rest_route=\/wp\/v2\/users\/3"}],"replies":[{"embeddable":true,"href":"https:\/\/quellen.geschichte.uni-leipzig.de\/index.php?rest_route=%2Fwp%2Fv2%2Fcomments&post=209"}],"version-history":[{"count":5,"href":"https:\/\/quellen.geschichte.uni-leipzig.de\/index.php?rest_route=\/wp\/v2\/pages\/209\/revisions"}],"predecessor-version":[{"id":351,"href":"https:\/\/quellen.geschichte.uni-leipzig.de\/index.php?rest_route=\/wp\/v2\/pages\/209\/revisions\/351"}],"wp:attachment":[{"href":"https:\/\/quellen.geschichte.uni-leipzig.de\/index.php?rest_route=%2Fwp%2Fv2%2Fmedia&parent=209"}],"curies":[{"name":"wp","href":"https:\/\/api.w.org\/{rel}","templated":true}]}}