{"id":117,"date":"2018-09-03T16:54:48","date_gmt":"2018-09-03T16:54:48","guid":{"rendered":"http:\/\/quellen.geschichte.uni-leipzig.de\/?page_id=117"},"modified":"2018-10-24T15:30:05","modified_gmt":"2018-10-24T15:30:05","slug":"jugend-zwischen-aufbruch-und-ernuechterung","status":"publish","type":"page","link":"https:\/\/quellen.geschichte.uni-leipzig.de\/?page_id=117","title":{"rendered":"Jugend zwischen Aufbruch und Ern\u00fcchterung"},"content":{"rendered":"<p>Die Welt zwischen 1945 und 1955 spiegelt die Zeit zwischen dem vereinten Niederringen einer v\u00f6lkermordenten Ideologie und dem Auseinanderbrechen der Siegerm\u00e4chte in zwei konkurrierende Bl\u00f6cke.<\/p>\n<p>Der Aufbau eines neuen deutschen Staates wurde zum Konfrontationspunkt alliierter Politik. Immer weiter auseinander triftend, beschr\u00e4nkten sich die Sieger auf die Sicherung ihres Einflu\u00dfgebietes &#8211; eine Neuordnung der Verh\u00e4ltnisse war weder territorial noch politisch vorgesehen. So wurde die Ostzone Deutschlands zu einem sowjetischen Satellitenstaat. Der Import stalinistischer Strukturen, die Fortsetzung der Diktatur auf deutschen Boden, beschleunigte sich mit der systematischen Ausschaltung der demokratischen Kr\u00e4fte. Nahziel war die Brechung der b\u00fcrgerlichen Mehrheiten. Sowohl ihre Parteien als auch ihre Vertreter, wenn sie unbequem wurden oder sich als \u201eunbelehrbar\u201c erwiesen, sollten gebrochen werden. Das Strafma\u00df der Verhaftungswellen \u201evariierte\u201c zwischen Tod durch Erschie\u00dfen, Zuchthaus und Zwangsarbeit in russischen Lagern. Parallel dazu erfolgten massive Einsch\u00fcchterungsversuche bis hin zu Studienverboten.<!--more--><\/p>\n<p>Ihr Beispiel sollte abschrecken. Dennoch fanden sich immer wieder Studenten, die sich nicht mundtot machen lie\u00dfen. Um so h\u00f6her ist ihr Mut einzusch\u00e4tzen, weil sie h\u00e4ufig auf sehr grausame Weise ihre Illusionen \u00fcber den \u201eArbeiter-und-Bauernstaat\u201c verloren. Ihrem Kampf um Menschlichkeit und Demokratie und ihrem Schicksal ist diese Ausstellung gewidmet. Ein St\u00fcck verdr\u00e4ngte Geschichte soll wieder ins Bewu\u00dftsein ger\u00fcckt und vor dem Vergessen bewahrt werden.<\/p>\n<p>&nbsp;<\/p>\n","protected":false},"excerpt":{"rendered":"<p>Die Welt zwischen 1945 und 1955 spiegelt die Zeit zwischen dem vereinten Niederringen einer v\u00f6lkermordenten Ideologie und dem Auseinanderbrechen der Siegerm\u00e4chte in zwei konkurrierende Bl\u00f6cke. Der Aufbau eines neuen deutschen Staates wurde zum Konfrontationspunkt alliierter Politik. Immer weiter auseinander triftend, beschr\u00e4nkten sich die Sieger auf die Sicherung ihres Einflu\u00dfgebietes &#8211; eine Neuordnung der Verh\u00e4ltnisse warContinue reading &rarr;<\/p>\n","protected":false},"author":3,"featured_media":0,"parent":0,"menu_order":0,"comment_status":"closed","ping_status":"closed","template":"","meta":{"footnotes":""},"_links":{"self":[{"href":"https:\/\/quellen.geschichte.uni-leipzig.de\/index.php?rest_route=\/wp\/v2\/pages\/117"}],"collection":[{"href":"https:\/\/quellen.geschichte.uni-leipzig.de\/index.php?rest_route=\/wp\/v2\/pages"}],"about":[{"href":"https:\/\/quellen.geschichte.uni-leipzig.de\/index.php?rest_route=\/wp\/v2\/types\/page"}],"author":[{"embeddable":true,"href":"https:\/\/quellen.geschichte.uni-leipzig.de\/index.php?rest_route=\/wp\/v2\/users\/3"}],"replies":[{"embeddable":true,"href":"https:\/\/quellen.geschichte.uni-leipzig.de\/index.php?rest_route=%2Fwp%2Fv2%2Fcomments&post=117"}],"version-history":[{"count":6,"href":"https:\/\/quellen.geschichte.uni-leipzig.de\/index.php?rest_route=\/wp\/v2\/pages\/117\/revisions"}],"predecessor-version":[{"id":320,"href":"https:\/\/quellen.geschichte.uni-leipzig.de\/index.php?rest_route=\/wp\/v2\/pages\/117\/revisions\/320"}],"wp:attachment":[{"href":"https:\/\/quellen.geschichte.uni-leipzig.de\/index.php?rest_route=%2Fwp%2Fv2%2Fmedia&parent=117"}],"curies":[{"name":"wp","href":"https:\/\/api.w.org\/{rel}","templated":true}]}}